{"id":987510262,"date":"2026-04-07T15:22:47","date_gmt":"2026-04-07T15:22:47","guid":{"rendered":"https:\/\/majestiqswisslimousine.ch\/blog\/"},"modified":"2026-04-30T16:21:00","modified_gmt":"2026-04-30T16:21:00","slug":"blog","status":"publish","type":"page","link":"https:\/\/majestiqswisslimousine.ch\/de\/blog\/","title":{"rendered":"Blog"},"content":{"rendered":"<p>[et_pb_section fb_built=&#8220;1&#8243; admin_label=&#8220;Header&#8220; _builder_version=&#8220;4.20.0&#8243; _module_preset=&#8220;default&#8220; background_color=&#8220;gcid-ad629ad7-29bc-4d34-a428-476c380868ee&#8220; locked=&#8220;off&#8220; collapsed=&#8220;on&#8220; global_colors_info=&#8220;{%22gcid-ad629ad7-29bc-4d34-a428-476c380868ee%22:%91%22background_color%22%93}&#8220; theme_builder_area=&#8220;post_content&#8220; da_is_popup=&#8220;off&#8220; da_exit_intent=&#8220;off&#8220; da_has_close=&#8220;on&#8220; da_alt_close=&#8220;off&#8220; da_dark_close=&#8220;off&#8220; da_not_modal=&#8220;on&#8220; da_is_singular=&#8220;off&#8220; da_with_loader=&#8220;off&#8220; da_has_shadow=&#8220;on&#8220; da_disable_devices=&#8220;off|off|off&#8220;][et_pb_row _builder_version=&#8220;4.20.0&#8243; _module_preset=&#8220;default&#8220; global_colors_info=&#8220;{}&#8220; theme_builder_area=&#8220;post_content&#8220;][et_pb_column type=&#8220;4_4&#8243; _builder_version=&#8220;4.20.0&#8243; _module_preset=&#8220;default&#8220; global_colors_info=&#8220;{}&#8220; theme_builder_area=&#8220;post_content&#8220;][et_pb_text _builder_version=&#8220;4.20.0&#8243; _module_preset=&#8220;a12f7462-c2be-47a2-9578-1c14d5fd4260&#8243; header_text_color=&#8220;#FFFFFF&#8220; text_orientation=&#8220;center&#8220; global_colors_info=&#8220;{}&#8220; theme_builder_area=&#8220;post_content&#8220;]<\/p>\n<h1>Blog<\/h1>\n<p>[\/et_pb_text][et_pb_text _builder_version=&#8220;4.27.6&#8243; _module_preset=&#8220;default&#8220; theme_builder_area=&#8220;post_content&#8220; hover_enabled=&#8220;0&#8243; sticky_enabled=&#8220;0&#8243;]<\/p>\n<h1 class=\"elementor-heading-title elementor-size-medium\" style=\"text-align: center;\"><span style=\"color: #800000;\"><strong>UNSER BLOG<\/strong><\/span><\/h1>\n<p>&nbsp;<\/p>\n<h3 style=\"text-align: center;\"><span style=\"color: #808000;\"><strong>Willkommen auf unserem Blog, wo wir Informationen, Reiseideen und Expertenratschl\u00e4ge teilen, damit Sie Ihren Luxusaufenthalt in der Schweiz optimal genie\u00dfen k\u00f6nnen.<\/strong><\/span><\/h3>\n<p>[\/et_pb_text][\/et_pb_column][\/et_pb_row][\/et_pb_section][et_pb_section fb_built=&#8220;1&#8243; admin_label=&#8220;Blog&#8220; _builder_version=&#8220;4.20.0&#8243; _module_preset=&#8220;default&#8220; background_color=&#8220;#FAF6F5&#8243; collapsed=&#8220;on&#8220; global_colors_info=&#8220;{}&#8220; theme_builder_area=&#8220;post_content&#8220; da_is_popup=&#8220;off&#8220; da_exit_intent=&#8220;off&#8220; da_has_close=&#8220;on&#8220; da_alt_close=&#8220;off&#8220; da_dark_close=&#8220;off&#8220; da_not_modal=&#8220;on&#8220; da_is_singular=&#8220;off&#8220; da_with_loader=&#8220;off&#8220; da_has_shadow=&#8220;on&#8220; da_disable_devices=&#8220;off|off|off&#8220;][et_pb_row _builder_version=&#8220;4.20.0&#8243; _module_preset=&#8220;default&#8220; global_colors_info=&#8220;{}&#8220; theme_builder_area=&#8220;post_content&#8220;][et_pb_column type=&#8220;4_4&#8243; _builder_version=&#8220;4.20.0&#8243; _module_preset=&#8220;default&#8220; global_colors_info=&#8220;{}&#8220; theme_builder_area=&#8220;post_content&#8220;][et_pb_blog posts_number=&#8220;6&#8243; show_author=&#8220;off&#8220; _builder_version=&#8220;4.20.0&#8243; _module_preset=&#8220;dc32261e-ea18-477a-a976-991f70ba4519&#8243; meta_text_color=&#8220;gcid-ad629ad7-29bc-4d34-a428-476c380868ee&#8220; read_more_text_color=&#8220;#ca352c&#8220; pagination_text_color=&#8220;#ca352c&#8220; locked=&#8220;off&#8220; global_colors_info=&#8220;{%22gcid-dfca0e9b-c2d5-4a0d-bd54-692f77707a05%22:%91%22header_4_text_color%22,%22header_text_color%22,%22body_text_color%22,%22header_4_text_color%22,%22header_text_color%22,%22body_text_color%22,%22header_4_text_color%22,%22header_text_color%22,%22body_text_color%22%93,%22gcid-ad629ad7-29bc-4d34-a428-476c380868ee%22:%91%22read_more_text_color%22,%22pagination_text_color%22,%22meta_text_color%22%93}&#8220; theme_builder_area=&#8220;post_content&#8220;][\/et_pb_blog][\/et_pb_column][\/et_pb_row][\/et_pb_section][et_pb_section fb_built=&#8220;1&#8243; admin_label=&#8220;Footer&#8220; _builder_version=&#8220;4.27.6&#8243; _module_preset=&#8220;default&#8220; use_background_color_gradient=&#8220;on&#8220; background_color_gradient_stops=&#8220;#faf6f5 30%|rgba(255,255,255,0) 30%&#8220; custom_padding=&#8220;||||false|false&#8220; hover_enabled=&#8220;0&#8243; saved_tabs=&#8220;all&#8220; collapsed=&#8220;on&#8220; global_colors_info=&#8220;{%22gcid-dfca0e9b-c2d5-4a0d-bd54-692f77707a05%22:%91%22background_color%22%93}&#8220; theme_builder_area=&#8220;post_content&#8220; background_enable_color=&#8220;off&#8220; sticky_enabled=&#8220;0&#8243; da_is_popup=&#8220;off&#8220; da_exit_intent=&#8220;off&#8220; da_has_close=&#8220;on&#8220; da_alt_close=&#8220;off&#8220; da_dark_close=&#8220;off&#8220; da_not_modal=&#8220;on&#8220; da_is_singular=&#8220;off&#8220; da_with_loader=&#8220;off&#8220; da_has_shadow=&#8220;on&#8220; da_disable_devices=&#8220;off|off|off&#8220;][et_pb_row _builder_version=&#8220;4.20.0&#8243; _module_preset=&#8220;default&#8220; background_color=&#8220;gcid-ad629ad7-29bc-4d34-a428-476c380868ee&#8220; custom_margin=&#8220;||30px||false|false&#8220; custom_padding=&#8220;60px|60px|60px|60px|true|true&#8220; border_radii=&#8220;on|10px|10px|10px|10px&#8220; global_colors_info=&#8220;{%22gcid-ad629ad7-29bc-4d34-a428-476c380868ee%22:%91%22background_color%22%93}&#8220; theme_builder_area=&#8220;post_content&#8220;][et_pb_column type=&#8220;4_4&#8243; _builder_version=&#8220;4.20.0&#8243; _module_preset=&#8220;default&#8220; global_colors_info=&#8220;{}&#8220; theme_builder_area=&#8220;post_content&#8220;][et_pb_image src=&#8220;https:\/\/majestiqswisslimousine.ch\/wp-content\/uploads\/2026\/02\/majestic-suisse.png&#8220; title_text=&#8220;majestic suisse&#8220; align=&#8220;center&#8220; _builder_version=&#8220;4.27.6&#8243; _module_preset=&#8220;default&#8220; max_height=&#8220;90px&#8220; hover_enabled=&#8220;0&#8243; global_colors_info=&#8220;{}&#8220; theme_builder_area=&#8220;post_content&#8220; alt=&#8220;Logo Majestiq Swiss Limousine&#8220; sticky_enabled=&#8220;0&#8243;][\/et_pb_image][et_pb_text _builder_version=&#8220;4.27.6&#8243; _module_preset=&#8220;c215ad3a-bacf-4cbd-803c-63380673bd48&#8243; header_3_text_color=&#8220;#FFFFFF&#8220; text_orientation=&#8220;center&#8220; custom_margin=&#8220;||30px||false|false&#8220; hover_enabled=&#8220;0&#8243; locked=&#8220;off&#8220; global_colors_info=&#8220;{}&#8220; theme_builder_area=&#8220;post_content&#8220; sticky_enabled=&#8220;0&#8243;]<\/p>\n<h3>Melden Sie sich f\u00fcr die Mailingliste von Majestiq Siss Limousine an.<\/h3>\n<p>[\/et_pb_text][et_pb_signup mailchimp_list=&#8220;elegantthemestest|1ea2bbd026&#8243; layout=&#8220;top_bottom&#8220; first_name_field=&#8220;off&#8220; last_name_field=&#8220;off&#8220; _builder_version=&#8220;4.20.0&#8243; _module_preset=&#8220;17a8862d-e986-4efe-aeb1-76c5e62b296b&#8220; form_field_text_color=&#8220;#FFFFFF&#8220; form_field_text_align=&#8220;center&#8220; button_text_color=&#8220;#CA352C&#8220; button_bg_color=&#8220;#FFFFFF&#8220; button_border_color=&#8220;#ca352c&#8220; max_width=&#8220;600px&#8220; module_alignment=&#8220;center&#8220; border_color_all_fields=&#8220;#FFFFFF&#8220; global_colors_info=&#8220;{%22gcid-ad629ad7-29bc-4d34-a428-476c380868ee%22:%91%22button_border_color%22,%22button_border_color%22,%22button_border_color%22,%22button_border_color%22,%22button_border_color%22%93,%22gcid-dfca0e9b-c2d5-4a0d-bd54-692f77707a05%22:%91%22form_field_text_color%22,%22border_color_all%22,%22border_color_all_fields%22,%22form_field_text_color%22,%22border_color_all%22,%22border_color_all_fields%22,%22form_field_text_color%22,%22border_color_all%22,%22border_color_all%22,%22border_color_all%22%93}&#8220; theme_builder_area=&#8220;post_content&#8220;][\/et_pb_signup][\/et_pb_column][\/et_pb_row][\/et_pb_section]<\/p>\n","protected":false},"excerpt":{"rendered":"<p>BlogUNSER BLOG &nbsp; Willkommen auf unserem Blog, wo wir Informationen, Reiseideen und Expertenratschl\u00e4ge teilen, damit Sie Ihren Luxusaufenthalt in der Schweiz optimal genie\u00dfen k\u00f6nnen.Melden Sie sich f\u00fcr die Mailingliste von Majestiq Siss Limousine an.<\/p>\n","protected":false},"author":6,"featured_media":987509321,"parent":0,"menu_order":0,"comment_status":"closed","ping_status":"closed","template":"","meta":{"_et_pb_use_builder":"on","_et_pb_old_content":"","_et_gb_content_width":"","footnotes":""},"class_list":["post-987510262","page","type-page","status-publish","has-post-thumbnail","hentry"],"_links":{"self":[{"href":"https:\/\/majestiqswisslimousine.ch\/de\/wp-json\/wp\/v2\/pages\/987510262","targetHints":{"allow":["GET"]}}],"collection":[{"href":"https:\/\/majestiqswisslimousine.ch\/de\/wp-json\/wp\/v2\/pages"}],"about":[{"href":"https:\/\/majestiqswisslimousine.ch\/de\/wp-json\/wp\/v2\/types\/page"}],"author":[{"embeddable":true,"href":"https:\/\/majestiqswisslimousine.ch\/de\/wp-json\/wp\/v2\/users\/6"}],"replies":[{"embeddable":true,"href":"https:\/\/majestiqswisslimousine.ch\/de\/wp-json\/wp\/v2\/comments?post=987510262"}],"version-history":[{"count":2,"href":"https:\/\/majestiqswisslimousine.ch\/de\/wp-json\/wp\/v2\/pages\/987510262\/revisions"}],"predecessor-version":[{"id":987510264,"href":"https:\/\/majestiqswisslimousine.ch\/de\/wp-json\/wp\/v2\/pages\/987510262\/revisions\/987510264"}],"wp:featuredmedia":[{"embeddable":true,"href":"https:\/\/majestiqswisslimousine.ch\/de\/wp-json\/wp\/v2\/media\/987509321"}],"wp:attachment":[{"href":"https:\/\/majestiqswisslimousine.ch\/de\/wp-json\/wp\/v2\/media?parent=987510262"}],"curies":[{"name":"wp","href":"https:\/\/api.w.org\/{rel}","templated":true}]}}